{"id":753,"date":"2014-02-21T12:38:18","date_gmt":"2014-02-21T12:38:18","guid":{"rendered":"http:\/\/www.euskalmemoriala.net\/eu\/?page_id=753"},"modified":"2014-02-21T12:38:18","modified_gmt":"2014-02-21T12:38:18","slug":"bibliografia","status":"publish","type":"page","link":"https:\/\/www.euskalmemoriala.net\/eu\/?page_id=753","title":{"rendered":"Bibliografia"},"content":{"rendered":"<p><b><span style=\"text-decoration: underline;\">Holokaustoari buruzko bibliografia<\/span><\/b><\/p>\n<ul>\n<li>Mar\u00eda\u00a0Herranz Agulleiro, Bel\u00e9n\u00a0Coci\u00f1o Bragado eta Margie\u00a0Lemmens.\u00a0<i>Cr\u00f3nica del Holocausto<\/i>. Madril: Libsa, 2001<\/li>\n<li>Richard J. Evans.\u00a0<i>El Tercer Reich en guerra (1939-1945).<\/i><i>\u00a0<\/i>Bartzelona<i>:<\/i>\u00a0Pen\u00ednsula, 2011.<\/li>\n<li>Ian Kershaw.\u00a0<i>Hitler, los alemanes y la Soluci\u00f3n Final.<\/i><i>\u00a0<\/i>Madril:\u00a0La Esfera de los Libros, 2009.<\/li>\n<li>Mark Mazower.\u00a0<i>El imperio de Hitler. Ascenso y ca\u00edda del Nuevo Orden Europeo.<\/i><i>\u00a0<\/i>Bartzelona:\u00a0Cr\u00edtica, 2008.<\/li>\n<li>Eugen\u00a0Kogon.\u00a0<i>El estado de la SS: el sistema de los campos de concentraci\u00f3n alemanes<\/i>.\u00a0Bartzelona: Alba Argitaletxea, 2005<\/li>\n<li>Ahar\u00f3n Shlezinger.\u00a0<i>El Misterio del Holocausto Revelado.<\/i><i>\u00a0<\/i>Bartzelona:\u00a0Obelisco, 2013.<\/li>\n<li>Robert S. Wistrich, ,\u00a0<i>Hitler y el Holocausto.<\/i><i>\u00a0<\/i>Bartzelona:\u00a0Mondadori, 2002.<\/li>\n<li>Jos\u00e9 L\u00f3pez Garc\u00eda\u00a0(Adam Surray).\u00a0<i>El horror nazi: campos de concentraci\u00f3n y exterminio<\/i>. \u00a0Madril: Andina Argitaletxea, 1977<span style=\"line-height: 1.714285714; font-size: 1rem;\">\u00a0<\/span><\/li>\n<\/ul>\n<p><b><span style=\"text-decoration: underline;\">Holokaustoari buruzko testigantzak<\/span><\/b><\/p>\n<ul>\n<li>Victor Frankl.\u00a0<i>El hombre en busca de sentido<\/i>. Bartzelona: Herder, 2004.<\/li>\n<li>Primo Levi.\u00a0<i>Si esto es un hombre<\/i>. Bartzelona: El Aleph, 2002<\/li>\n<li>Violeta Friedman.\u00a0<i>Mis memorias<\/i>. Bartzelona: Planeta, 1995<\/li>\n<li>Helga Weiss.\u00a0<i>El diario de Helga. Testimonio de una ni\u00f1a en un campo de concentraci\u00f3n<\/i>. Madril, Sexto Piso Argitaletxea, 2013<\/li>\n<li>Heda Margolius Kov\u00e1ly.\u00a0<i>Bajo una estrella cruel: una vida en Praga, 1941-1968<\/i>. Bartzelona:\u00a0 Libros del Asteroide Argitaletxea, 2013<\/li>\n<li>Jean Am\u00e9ry.\u00a0<i>M\u00e1s all\u00e1 de la culpa y la expiaci\u00f3n: tentativas de la superaci\u00f3n de una v\u00edctima de la violencia<\/i>. Valencia: Pre-Textos Argitaletxea, 2001<\/li>\n<li>Elie Wiesel.\u00a0<i>Trilog\u00eda de la noche: la noche, el alba, el d\u00eda<\/i>. Bartzelona: El Aleph, 2008.<span style=\"line-height: 1.714285714; font-size: 1rem;\">\u00a0<\/span><\/li>\n<\/ul>\n<p><b><span style=\"text-decoration: underline;\">Errepublika garaiko deportazioari buruzko bibliografia<\/span><\/b><\/p>\n<ul>\n<li>Benito Bermejo eta Sandra Checa.\u00a0<i>Libro Memorial, Espa\u00f1oles deportados a los campos nazis (1940\u20131945)<\/i>. Madril: Lunwerg, 2006<\/li>\n<li>Rosa Ter\u00e1n.\u00a0<i>Los campos de concentraci\u00f3n nazis. Palabras contra el olvido.\u00a0<\/i>Editorial Pen\u00ednsula: 2005<\/li>\n<li>Jes\u00fas Ruiz Mart\u00ednez et al.\u00a0<i>Ravensbr\u00fcck: un espai de mort, un espai de record: un viatge acompanyant la neus catal\u00e0.<\/i><b>\u00a0<\/b>Amical de Mauthausen, 2003.<\/li>\n<li><i>\u00a0Livre-m\u00e9morial des d\u00e9port\u00e9s de France arr\u00eat\u00e9s par mesure de r\u00e9pression et dans certains cas per mesure de pers\u00e9cution 1940-1945<\/i>. Paris:\u00a0\u00c9dicions Tir\u00e9sias, 2004<\/li>\n<li>Claude Laharie.\u00a0<i>Le camp de Gurs, 1939\u20131945, un aspect m\u00e9connu de l\u00b4histoire de Vichy<\/i>. Biarritz: Societ\u00e9 Atlantique d\u00b4\u00cdmpression, 1993<\/li>\n<li>Montserrat\u00a0Armengou et al.\u00a0<i>Ravensbr\u00fcck.el infierno de las mujeres<\/i>. Belacqua. 2008.<\/li>\n<li>David W. Pike.\u00a0<i>Espa\u00f1oles en el Holocausto. Vida y muerte de los republicanos en Mauthausen<\/i>.\u00a0 Bartzelona:\u00a0Mondadori, 2000.<\/li>\n<li>Eduardo Pons Prades.\u00a0<i>Los cerdos del comandante. Espa\u00f1oles en los campos de exterminio nazis<\/i>.\u00a0 Bartzelona:\u00a0Argos Vergara, 1979.<\/li>\n<li>Eduardo\u00a0Pons Prades.\u00a0<i>Morir por la libertad: espa\u00f1oles en los campos de exterminio<\/i>.\u00a0Madril: Vosa Argitaletxea, 1995.<\/li>\n<li>Eduardo\u00a0Pons Prades.\u00a0<i>El holocausto de los republicanos espa\u00f1oles.Vida y muerte en los campos de exterminio alemanes (1940-1945)<\/i>\u00a0Bartzelona: Belacqua de Ediciones y Publicaciones, 2005.<\/li>\n<li>Pierre Salou Olivares.\u00a0<i>Los republicanos espa\u00f1oles en el campo de concentraci\u00f3n nazi de Mauthausen: el deber colectivo de sobrevivir.<\/i>Par\u00eds: Tiresias, 2005.<\/li>\n<\/ul>\n<p><b><span style=\"text-decoration: underline;\">Tokiko ikuspuntutik bibliografia<\/span><\/b><\/p>\n<ul>\n<li>Ricardo Mart\u00edn Morales et al<i>. Andaluces en los campos de Mauthausen<\/i>. Sevilla: Junta de Andaluc\u00eda, 2006.<\/li>\n<li>Montserrat\u00a0Roig. \u00a0<i>Els catalans als camps nazis<\/i>. Bartzelona: Edicions 62, 1977.<\/li>\n<li>Mariano Constante.\u00a0<i>Republicanos aragoneses en los campos nazis<\/i>.\u00a0 Huesca:\u00a0Pirineo, 2000.<span style=\"line-height: 1.714285714; font-size: 1rem;\">\u00a0<\/span><\/li>\n<\/ul>\n<p><b><span style=\"text-decoration: underline;\">Bigarren Mundu Gerran Euskaldunei buruzko bibliografia<\/span><\/b><\/p>\n<ul>\n<li>Mikel Rodr\u00edguez Alvarez.<i>\u00a0Memoria de los vascos en la II Guerra Mundial. De la Brigada Vasca al Batall\u00f3n Gernika<\/i>. Iru\u00f1a: Pamiela, 2002.<\/li>\n<li>Mikel Rodr\u00edguez \u00c1lvarez.\u00a0<i>Esp\u00edas vascos<\/i>. Tafalla: Txalaparte, 2004.<\/li>\n<li>Josu Chueca.\u00a0<i>Gurs. El campo vasco<\/i>. Tafalla: Txalaparta, 2007.<\/li>\n<li>Juan Carlos Jim\u00e9nez de Aberasturi.\u00a0<i>El camino de la libertad. Florentino Goikoetxea y otros hernaniarras en la lucha contra el nazismo durante la II Guerra Mundial<\/i>. Hernani: Hernaniko udaletxea, 2006<\/li>\n<li>Juan Carlos Jim\u00e9nez de Aberasturi.\u00a0<i>Vascos en la II Guerra Muncial: La red \u201cCom\u00e8te\u201d en el Pa\u00eds\u00a0Vasco (1941-1944)<\/i>. Donostia: Txertoa, 1996.<\/li>\n<li>Juan Carlos Jim\u00e9nez de Aberasturi.\u00a0<i>Los vascos en la II Guerra Mundial: El Consejo Nacional Vasco\u00a0de Londres. (1940-1944).<\/i>\u00a0Donostia: Sociedad de Estudios Vascos, 1991.<\/li>\n<li>Jos\u00e9 Miguel Roma\u00f1a.\u00a0<i>La segunda Guerra Mundial y los vascos<\/i>. Bilbo: Mensajero, 1998.<span style=\"line-height: 1.714285714; font-size: 1rem;\">\u00a0<\/span><\/li>\n<\/ul>\n<p><b><span style=\"text-decoration: underline;\">Deportatu errepublikarren testigantzak<\/span><\/b><\/p>\n<ul>\n<li>Neus\u00a0Catal\u00e0.<i>\u00a0De la resistencia y la deportaci\u00f3n. 50 testimonios de mujeres espa\u00f1olas<\/i>. Pen\u00ednsula, 2000. Disponible en l\u00ednea en:\u00a0<a href=\"http:\/\/www.google.com\/url?q=http%3A%2F%2Fwww.ceibm.org%2Fneuscata0000.html&amp;sa=D&amp;sntz=1&amp;usg=AFrqEzeYtPNkXpMrlqBEx-sERDNeXsRABw\">www.ceibm.org\/neuscata0000.html<\/a><\/li>\n<li>Joan\u00a0Escuer Gomis.\u00a0<i>Memorias de un deportado republicano espa\u00f1ol al campo de Dachau<\/i>. Amical de Mauthausen. Bartzelona, 2007<\/li>\n<li>Manuel Razola y Mariano Constante.\u00a0<i>Tri\u00e1ngulo Azul: Los republicanos espa\u00f1oles en Mauthausen<\/i>. Zaragoza: Gobierno de Arag\u00f3n, 2008. Eskuragai hurrengo web gunean:\u00a0\u00a0<a href=\"http:\/\/www.google.com\/url?q=http%3A%2F%2Fwww.ceibm.org%2Fmariacons2222.html&amp;sa=D&amp;sntz=1&amp;usg=AFrqEzejNYYp2l3A5PAWI2rBXa7QDXVbJg\">http:\/\/www.ceibm.org\/mariacons2222.html<\/a><\/li>\n<li>Mercedes\u00a0Nu\u00f1ez Targa.\u00a0<i>El carret\u00f3 dels gozos. Una catalana a Ravensbr\u00fcck<\/i>. Bartzelona: Edicions 62, 1980.<\/li>\n<li>Mercedes N\u00fa\u00f1ez Targa.<i>\u00a0Destinada al crematorio: de Argel\u00e8s a Ravensbr\u00fcck: las vivencias de una resistente rep\u00fablicana espa\u00f1ola<\/i>. Sevilla: editorial Renacimiento, 2011.<\/li>\n<li>Francisco Batiste Baila.\u00a0\u00a0<i>El Sol se extingui\u00f3\u00a0en Mauthausen\u00a0(Vinarocenses en el infierno nazi)<\/i>. Vinar\u00f3s: Antinea Argitaletxea, 2000. Eskuragai hurrengo web gunean:\u00a0\u00a0<a href=\"http:\/\/www.google.com\/url?q=http%3A%2F%2Fwww.ceibm.org%2Ffcobaba0000.html&amp;sa=D&amp;sntz=1&amp;usg=AFrqEzdCI8Sfef8dt-kXHC6BYp48AWJpPA\">http:\/\/www.ceibm.org\/fcobaba0000.html<\/a><\/li>\n<\/ul>\n<p>&nbsp;<\/p>\n","protected":false},"excerpt":{"rendered":"<p>Holokaustoari buruzko bibliografia Mar\u00eda\u00a0Herranz Agulleiro, Bel\u00e9n\u00a0Coci\u00f1o Bragado eta Margie\u00a0Lemmens.\u00a0Cr\u00f3nica del Holocausto. Madril: Libsa, 2001 Richard J. Evans.\u00a0El Tercer Reich en guerra (1939-1945).\u00a0Bartzelona:\u00a0Pen\u00ednsula, 2011. Ian Kershaw.\u00a0Hitler, los alemanes y la Soluci\u00f3n Final.\u00a0Madril:\u00a0La Esfera de los Libros, 2009. Mark Mazower.\u00a0El imperio de Hitler. Ascenso y ca\u00edda del Nuevo Orden Europeo.\u00a0Bartzelona:\u00a0Cr\u00edtica, 2008. Eugen\u00a0Kogon.\u00a0El estado de la SS: el [&hellip;]<\/p>\n","protected":false},"author":2,"featured_media":0,"parent":182,"menu_order":6,"comment_status":"open","ping_status":"open","template":"","meta":{"footnotes":""},"class_list":["post-753","page","type-page","status-publish","hentry"],"_links":{"self":[{"href":"https:\/\/www.euskalmemoriala.net\/eu\/index.php?rest_route=\/wp\/v2\/pages\/753","targetHints":{"allow":["GET"]}}],"collection":[{"href":"https:\/\/www.euskalmemoriala.net\/eu\/index.php?rest_route=\/wp\/v2\/pages"}],"about":[{"href":"https:\/\/www.euskalmemoriala.net\/eu\/index.php?rest_route=\/wp\/v2\/types\/page"}],"author":[{"embeddable":true,"href":"https:\/\/www.euskalmemoriala.net\/eu\/index.php?rest_route=\/wp\/v2\/users\/2"}],"replies":[{"embeddable":true,"href":"https:\/\/www.euskalmemoriala.net\/eu\/index.php?rest_route=%2Fwp%2Fv2%2Fcomments&post=753"}],"version-history":[{"count":3,"href":"https:\/\/www.euskalmemoriala.net\/eu\/index.php?rest_route=\/wp\/v2\/pages\/753\/revisions"}],"predecessor-version":[{"id":756,"href":"https:\/\/www.euskalmemoriala.net\/eu\/index.php?rest_route=\/wp\/v2\/pages\/753\/revisions\/756"}],"up":[{"embeddable":true,"href":"https:\/\/www.euskalmemoriala.net\/eu\/index.php?rest_route=\/wp\/v2\/pages\/182"}],"wp:attachment":[{"href":"https:\/\/www.euskalmemoriala.net\/eu\/index.php?rest_route=%2Fwp%2Fv2%2Fmedia&parent=753"}],"curies":[{"name":"wp","href":"https:\/\/api.w.org\/{rel}","templated":true}]}}